{"id":1003,"date":"2016-10-10T12:48:15","date_gmt":"2016-10-10T10:48:15","guid":{"rendered":"https:\/\/heledu.no\/tjenester\/relasjons-og-prestasjonsledelse\/"},"modified":"2022-11-15T14:53:32","modified_gmt":"2022-11-15T13:53:32","slug":"relasjonsledelse-relasjonskompetanse","status":"publish","type":"page","link":"https:\/\/heledu.no\/en\/tjenester\/relasjonsledelse-relasjonskompetanse\/","title":{"rendered":"Relationship and Performance Management"},"content":{"rendered":"<p>&nbsp;<\/p>\n<h4><strong>Hvorfor RELASJONSLEDELSE<\/strong><strong>?<\/strong><\/h4>\n<p>Relasjonsledere skaper motivasjonskraft og entusiasme og tilrettelegger for samhandling. Relasjonsledelse bygger p\u00e5 et humanistisk menneskesyn med en grunnleggende respekt for hverandre gjennom \u00e6rlig, likeverdig og balansert dialog. Grunnid\u00e9en er \u00e5 bygge en god organisasjon\/bedrift gjennom sterke og gode relasjoner.<\/p>\n<p>I relasjonsledelse er grunntanken at hver enkelt relasjon er unik og ikke kan standardiseres eller gj\u00f8res generell. Denne lederteorien bygger p\u00e5 et velutviklet demokratisk sinnelag og forutsetter at b\u00e5de leder og medarbeider arbeider med likeverdighet og dialog som verdigrunnlag.<\/p>\n<p>Ordet \u00absjef\u00bb assosieres ofte til en makt- og styringsorientert ledestil. Relasjonsledelse setter derimot medarbeideren\/enkeltmennesket i sentrum. Ledelse beskrives her som en relasjon og ikke posisjon. Relasjonsledelse er \u00e5 ha en likeverdig og positiv relasjon med den ansatte, hvor m\u00e5let er \u00e5 oppn\u00e5 naturlig autoritet. Relasjonsledelse blir da \u00e5 oppn\u00e5 resultater sammen med andre. I tillegg til m\u00e5lsetningen om et godt arbeidsmilj\u00f8 og en helsefremmende jobbhverdag gir relasjonsledelse ogs\u00e5 bedre resultater og l\u00f8nnsomhet.<\/p>\n<p>Ved \u00e5 praktisere relasjonsledelse vil du bedre kunne se og hente ut medarbeidernes fulle potensial. Du dyktiggj\u00f8r og ansvarliggj\u00f8r de ansatte samt frigj\u00f8r kreativitet og endringsvilje.<\/p>\n<p>&nbsp;<\/p>\n<h4><strong>Hvorfor PRESTASJONSLEDELSE?<\/strong><\/h4>\n<p>Prestasjonsledelse vil:<\/p>\n<ul>\n<li>gi deg bedre navigat\u00f8regenskaper til \u00e5 hente ut potensialet i deg selv og andre.<\/li>\n<li>bevege mennesker videre og kvalifisere dem til mestring og m\u00e5loppn\u00e5else.<\/li>\n<li>gi \u00f8kt selvinnsikt og sterkere selvledelse.<\/li>\n<\/ul>\n<p>Prestasjonsledelse handler om relasjonell p\u00e5virkning som styrker deg selv\/andre, henter ut potensialet i deg selv og andre, og som gj\u00f8r deg\/andre psykisk sterkere og mer kompetent.<\/p>\n<p>Coaching er kjernen i Prestasjonsledelse, men lederteorier som vektlegger utvikling av medarbeidere (Manz og Sims 1995 og 2001) og ulike kognitive og sosialkognitive l\u00e6ringsteorier (Bandura 1997) innen pedagogikken korresponderer ogs\u00e5 med prestasjonsledelse.<\/p>\n<p>Walk-the-talk!<\/p>\n<p>&nbsp;<\/p>\n<h4>COACHING &#8211; NLP<\/h4>\n<h4><strong>Hvorfor NLP?<\/strong><\/h4>\n<p>NLP gir grunnleggende kompetanse i mennesket, med kommunikasjon og hvordan kroppen og hjernen fungerer, hvordan vi skaper v\u00e5r virkelighet, vaner og m\u00f8nster. Vi bruker metoder og teknikker som vil hjelpe deg \u00e5 forst\u00e5 og forvalte egne ressurser. Du vil f\u00e5 hjelp til \u00e5 rydde opp i mindre enn hensiktsmessige m\u00f8nster, tankesett og vaner, samt integrere nye m\u00f8nster og tankesett, som st\u00f8tter deg og lar deg bli en livsglad, sterk, klartenkt og fokusert versjon av deg selv. Vi hjelper deg \u00e5 gj\u00f8re de positive valgene du trenger, uavhengig av livsomr\u00e5de. Selve grunnprinsippene i NLP er modellering. Modellering er l\u00e6ren om hvordan mennesker skaper resultater og deretter adopterer deres adferd og tankesett, for \u00e5 p\u00e5 den m\u00e5ten \u00e5 hente frem det beste i mennesker.<\/p>\n<h4><strong>Hva er NLP? <a href=\"https:\/\/heledu.no\/?page_id=582&amp;preview=true\">Les mer &gt;&gt;<\/a><\/strong><\/h4>\n<p><img loading=\"lazy\" decoding=\"async\" class=\"alignnone size-medium wp-image-360\" src=\"https:\/\/heledu.no\/wp-content\/uploads\/2018\/07\/kt1a2052-500x333.jpg\" alt=\"\" width=\"500\" height=\"333\" srcset=\"https:\/\/heledu.no\/wp-content\/uploads\/2018\/07\/kt1a2052-500x333.jpg 500w, https:\/\/heledu.no\/wp-content\/uploads\/2018\/07\/kt1a2052-768x512.jpg 768w, https:\/\/heledu.no\/wp-content\/uploads\/2018\/07\/kt1a2052-1000x667.jpg 1000w, https:\/\/heledu.no\/wp-content\/uploads\/2018\/07\/kt1a2052-300x200.jpg 300w, https:\/\/heledu.no\/wp-content\/uploads\/2018\/07\/kt1a2052-100x67.jpg 100w, https:\/\/heledu.no\/wp-content\/uploads\/2018\/07\/kt1a2052.jpg 2000w\" sizes=\"auto, (max-width: 500px) 100vw, 500px\" \/><\/p>\n<p><strong>Hvordan?<\/strong><\/p>\n<p>Vi skreddersyr bevisstgj\u00f8rings- og l\u00e6ringsprogram for deg og din bedrift. Her vil du i tillegg til teoretisk innf\u00f8ring i sentrale relasjonelle kunnskaper og ferdigheter, ogs\u00e5 f\u00e5 praktisk trening og individuell oppf\u00f8lging. Vi utfordrer deg til \u00e5 pr\u00f8ve ut de nye ferdighetene gjennom konkret handling i egen organisasjon, og gir deg individuell veiledning gjennom hele l\u00e6re- og utviklingsprosessen.<\/p>\n<p>Din evne til aktiv lytting, dine dialogferdigheter og andre viktige relasjonelle ferdigheter utvikles best gjennom praktisk \u00f8velse og veiledning. Kartlegging av relasjonelle ferdigheter gir et godt utgangspunkt for hva du trenger \u00e5 trene mest p\u00e5.<\/p>\n<h4>Vi utvikler Relasjonskompetanse gjennom:<\/h4>\n<ul>\n<li>Organisasjons- og lederutviklingsprogrammer<\/li>\n<li>Foredrag<\/li>\n<li>Seminarer og workshops<\/li>\n<li>Coaching \/ Prestasjonshjelp og<\/li>\n<\/ul>\n<h4>RelasjonsakademietMIDT<\/h4>\n<ol>\n<li>Bli Relasjonsleder<\/li>\n<li>Bli Prestasjonsleder<\/li>\n<li>Bli Leder- og Mentaltrener<\/li>\n<li>RelasjonsVerkt\u00f8y<\/li>\n<\/ol>\n<p>Les mer her&gt;&gt;<\/p>\n<p>&nbsp;<\/p>\n<p><strong>Relasjonsdagen Les mer her&gt;&gt;<\/strong><\/p>\n<p><strong>Ledernettverk<\/strong><\/p>\n<p><strong>Arrangement og p\u00e5melding: https:\/\/heledu.no\/arrangement\/<\/strong><\/p>\n<p>&nbsp;<\/p>\n<p>Daniel Goleman m.fl beskriver verdien av emosjonell kompetanse i ledelse.<\/p>\n<h3>Vil du vite hvordan du kan aktivere din Relasjonskompetanse og bli en Relasjonsleder?<\/h3>\n<h3>Trenger du en sparringspartner eller Coach?<\/h3>\n<p><a role=\"button\" href=\"https:\/\/heledu.no\/kontakt\/\" target=\"_self\" rel=\"noopener noreferrer\"><br \/>\nTa kontakt<br \/>\n<\/a><\/p>\n","protected":false},"excerpt":{"rendered":"<p>&nbsp; Hvorfor RELASJONSLEDELSE? Relasjonsledere skaper motivasjonskraft og entusiasme og tilrettelegger for samhandling. Relasjonsledelse bygger p\u00e5 et humanistisk menneskesyn med en grunnleggende respekt for hverandre gjennom \u00e6rlig, likeverdig og balansert dialog. Grunnid\u00e9en er \u00e5 bygge en god organisasjon\/bedrift gjennom sterke og gode relasjoner. I relasjonsledelse er grunntanken at hver enkelt relasjon er unik og ikke kan [&hellip;]<\/p>\n","protected":false},"author":1,"featured_media":776,"parent":997,"menu_order":1,"comment_status":"closed","ping_status":"closed","template":"","meta":{"_acf_changed":false,"_analytify_skip_tracking":false,"_genesis_hide_title":false,"_genesis_hide_breadcrumbs":false,"_genesis_hide_singular_image":false,"_genesis_hide_footer_widgets":false,"_genesis_custom_body_class":"","_genesis_custom_post_class":"","_genesis_layout":"","footnotes":""},"class_list":{"0":"post-1003","1":"page","2":"type-page","3":"status-publish","4":"has-post-thumbnail","6":"entry"},"acf":[],"yoast_head":"<!-- This site is optimized with the Yoast SEO plugin v27.3 - https:\/\/yoast.com\/product\/yoast-seo-wordpress\/ -->\n<title>Relationship and Performance Management - heleDU<\/title>\n<meta name=\"robots\" content=\"index, follow, max-snippet:-1, max-image-preview:large, max-video-preview:-1\" \/>\n<link rel=\"canonical\" href=\"https:\/\/heledu.no\/en\/tjenester\/relasjonsledelse-relasjonskompetanse\/\" \/>\n<meta name=\"twitter:card\" content=\"summary_large_image\" \/>\n<meta name=\"twitter:title\" content=\"Relationship and Performance Management - heleDU\" \/>\n<meta name=\"twitter:description\" content=\"&nbsp; Hvorfor RELASJONSLEDELSE? Relasjonsledere skaper motivasjonskraft og entusiasme og tilrettelegger for samhandling. Relasjonsledelse bygger p\u00e5 et humanistisk menneskesyn med en grunnleggende respekt for hverandre gjennom \u00e6rlig, likeverdig og balansert dialog. Grunnid\u00e9en er \u00e5 bygge en god organisasjon\/bedrift gjennom sterke og gode relasjoner. I relasjonsledelse er grunntanken at hver enkelt relasjon er unik og ikke kan [&hellip;]\" \/>\n<meta name=\"twitter:image\" content=\"https:\/\/heledu.no\/wp-content\/uploads\/2018\/04\/pk6a7330-4.jpg\" \/>\n<meta name=\"twitter:label1\" content=\"Est. reading time\" \/>\n\t<meta name=\"twitter:data1\" content=\"4 minutes\" \/>\n<script type=\"application\/ld+json\" class=\"yoast-schema-graph\">{\"@context\":\"https:\\\/\\\/schema.org\",\"@graph\":[{\"@type\":\"WebPage\",\"@id\":\"https:\\\/\\\/heledu.no\\\/en\\\/tjenester\\\/relasjonsledelse-relasjonskompetanse\\\/\",\"url\":\"https:\\\/\\\/heledu.no\\\/en\\\/tjenester\\\/relasjonsledelse-relasjonskompetanse\\\/\",\"name\":\"Relationship and Performance Management - heleDU\",\"isPartOf\":{\"@id\":\"https:\\\/\\\/heledu.no\\\/en\\\/#website\"},\"primaryImageOfPage\":{\"@id\":\"https:\\\/\\\/heledu.no\\\/en\\\/tjenester\\\/relasjonsledelse-relasjonskompetanse\\\/#primaryimage\"},\"image\":{\"@id\":\"https:\\\/\\\/heledu.no\\\/en\\\/tjenester\\\/relasjonsledelse-relasjonskompetanse\\\/#primaryimage\"},\"thumbnailUrl\":\"https:\\\/\\\/heledu.no\\\/wp-content\\\/uploads\\\/2018\\\/04\\\/pk6a7330-4.jpg\",\"datePublished\":\"2016-10-10T10:48:15+00:00\",\"dateModified\":\"2022-11-15T13:53:32+00:00\",\"breadcrumb\":{\"@id\":\"https:\\\/\\\/heledu.no\\\/en\\\/tjenester\\\/relasjonsledelse-relasjonskompetanse\\\/#breadcrumb\"},\"inLanguage\":\"en-US\",\"potentialAction\":[{\"@type\":\"ReadAction\",\"target\":[\"https:\\\/\\\/heledu.no\\\/en\\\/tjenester\\\/relasjonsledelse-relasjonskompetanse\\\/\"]}]},{\"@type\":\"ImageObject\",\"inLanguage\":\"en-US\",\"@id\":\"https:\\\/\\\/heledu.no\\\/en\\\/tjenester\\\/relasjonsledelse-relasjonskompetanse\\\/#primaryimage\",\"url\":\"https:\\\/\\\/heledu.no\\\/wp-content\\\/uploads\\\/2018\\\/04\\\/pk6a7330-4.jpg\",\"contentUrl\":\"https:\\\/\\\/heledu.no\\\/wp-content\\\/uploads\\\/2018\\\/04\\\/pk6a7330-4.jpg\",\"width\":2000,\"height\":689},{\"@type\":\"BreadcrumbList\",\"@id\":\"https:\\\/\\\/heledu.no\\\/en\\\/tjenester\\\/relasjonsledelse-relasjonskompetanse\\\/#breadcrumb\",\"itemListElement\":[{\"@type\":\"ListItem\",\"position\":1,\"name\":\"Hjem\",\"item\":\"https:\\\/\\\/heledu.no\\\/en\\\/\"},{\"@type\":\"ListItem\",\"position\":2,\"name\":\"Services\",\"item\":\"https:\\\/\\\/heledu.no\\\/en\\\/tjenester\\\/\"},{\"@type\":\"ListItem\",\"position\":3,\"name\":\"Relationship and Performance Management\"}]},{\"@type\":\"WebSite\",\"@id\":\"https:\\\/\\\/heledu.no\\\/en\\\/#website\",\"url\":\"https:\\\/\\\/heledu.no\\\/en\\\/\",\"name\":\"heleDU\",\"description\":\"skaper gode relasjoner mennesker i mellom\",\"publisher\":{\"@id\":\"https:\\\/\\\/heledu.no\\\/en\\\/#organization\"},\"potentialAction\":[{\"@type\":\"SearchAction\",\"target\":{\"@type\":\"EntryPoint\",\"urlTemplate\":\"https:\\\/\\\/heledu.no\\\/en\\\/?s={search_term_string}\"},\"query-input\":{\"@type\":\"PropertyValueSpecification\",\"valueRequired\":true,\"valueName\":\"search_term_string\"}}],\"inLanguage\":\"en-US\"},{\"@type\":\"Organization\",\"@id\":\"https:\\\/\\\/heledu.no\\\/en\\\/#organization\",\"name\":\"heleDU\",\"url\":\"https:\\\/\\\/heledu.no\\\/en\\\/\",\"logo\":{\"@type\":\"ImageObject\",\"inLanguage\":\"en-US\",\"@id\":\"https:\\\/\\\/heledu.no\\\/en\\\/#\\\/schema\\\/logo\\\/image\\\/\",\"url\":\"https:\\\/\\\/heledu.no\\\/wp-content\\\/uploads\\\/2017\\\/03\\\/logo-1.jpg\",\"contentUrl\":\"https:\\\/\\\/heledu.no\\\/wp-content\\\/uploads\\\/2017\\\/03\\\/logo-1.jpg\",\"width\":2000,\"height\":1413,\"caption\":\"heleDU\"},\"image\":{\"@id\":\"https:\\\/\\\/heledu.no\\\/en\\\/#\\\/schema\\\/logo\\\/image\\\/\"},\"sameAs\":[\"https:\\\/\\\/www.facebook.com\\\/Heledu-As-1903147306638206\\\/?fref=ts\"]}]}<\/script>\n<!-- \/ Yoast SEO plugin. -->","yoast_head_json":{"title":"Relationship and Performance Management - heleDU","robots":{"index":"index","follow":"follow","max-snippet":"max-snippet:-1","max-image-preview":"max-image-preview:large","max-video-preview":"max-video-preview:-1"},"canonical":"https:\/\/heledu.no\/en\/tjenester\/relasjonsledelse-relasjonskompetanse\/","twitter_card":"summary_large_image","twitter_title":"Relationship and Performance Management - heleDU","twitter_description":"&nbsp; Hvorfor RELASJONSLEDELSE? Relasjonsledere skaper motivasjonskraft og entusiasme og tilrettelegger for samhandling. Relasjonsledelse bygger p\u00e5 et humanistisk menneskesyn med en grunnleggende respekt for hverandre gjennom \u00e6rlig, likeverdig og balansert dialog. Grunnid\u00e9en er \u00e5 bygge en god organisasjon\/bedrift gjennom sterke og gode relasjoner. I relasjonsledelse er grunntanken at hver enkelt relasjon er unik og ikke kan [&hellip;]","twitter_image":"https:\/\/heledu.no\/wp-content\/uploads\/2018\/04\/pk6a7330-4.jpg","twitter_misc":{"Est. reading time":"4 minutes"},"schema":{"@context":"https:\/\/schema.org","@graph":[{"@type":"WebPage","@id":"https:\/\/heledu.no\/en\/tjenester\/relasjonsledelse-relasjonskompetanse\/","url":"https:\/\/heledu.no\/en\/tjenester\/relasjonsledelse-relasjonskompetanse\/","name":"Relationship and Performance Management - heleDU","isPartOf":{"@id":"https:\/\/heledu.no\/en\/#website"},"primaryImageOfPage":{"@id":"https:\/\/heledu.no\/en\/tjenester\/relasjonsledelse-relasjonskompetanse\/#primaryimage"},"image":{"@id":"https:\/\/heledu.no\/en\/tjenester\/relasjonsledelse-relasjonskompetanse\/#primaryimage"},"thumbnailUrl":"https:\/\/heledu.no\/wp-content\/uploads\/2018\/04\/pk6a7330-4.jpg","datePublished":"2016-10-10T10:48:15+00:00","dateModified":"2022-11-15T13:53:32+00:00","breadcrumb":{"@id":"https:\/\/heledu.no\/en\/tjenester\/relasjonsledelse-relasjonskompetanse\/#breadcrumb"},"inLanguage":"en-US","potentialAction":[{"@type":"ReadAction","target":["https:\/\/heledu.no\/en\/tjenester\/relasjonsledelse-relasjonskompetanse\/"]}]},{"@type":"ImageObject","inLanguage":"en-US","@id":"https:\/\/heledu.no\/en\/tjenester\/relasjonsledelse-relasjonskompetanse\/#primaryimage","url":"https:\/\/heledu.no\/wp-content\/uploads\/2018\/04\/pk6a7330-4.jpg","contentUrl":"https:\/\/heledu.no\/wp-content\/uploads\/2018\/04\/pk6a7330-4.jpg","width":2000,"height":689},{"@type":"BreadcrumbList","@id":"https:\/\/heledu.no\/en\/tjenester\/relasjonsledelse-relasjonskompetanse\/#breadcrumb","itemListElement":[{"@type":"ListItem","position":1,"name":"Hjem","item":"https:\/\/heledu.no\/en\/"},{"@type":"ListItem","position":2,"name":"Services","item":"https:\/\/heledu.no\/en\/tjenester\/"},{"@type":"ListItem","position":3,"name":"Relationship and Performance Management"}]},{"@type":"WebSite","@id":"https:\/\/heledu.no\/en\/#website","url":"https:\/\/heledu.no\/en\/","name":"heleDU","description":"skaper gode relasjoner mennesker i mellom","publisher":{"@id":"https:\/\/heledu.no\/en\/#organization"},"potentialAction":[{"@type":"SearchAction","target":{"@type":"EntryPoint","urlTemplate":"https:\/\/heledu.no\/en\/?s={search_term_string}"},"query-input":{"@type":"PropertyValueSpecification","valueRequired":true,"valueName":"search_term_string"}}],"inLanguage":"en-US"},{"@type":"Organization","@id":"https:\/\/heledu.no\/en\/#organization","name":"heleDU","url":"https:\/\/heledu.no\/en\/","logo":{"@type":"ImageObject","inLanguage":"en-US","@id":"https:\/\/heledu.no\/en\/#\/schema\/logo\/image\/","url":"https:\/\/heledu.no\/wp-content\/uploads\/2017\/03\/logo-1.jpg","contentUrl":"https:\/\/heledu.no\/wp-content\/uploads\/2017\/03\/logo-1.jpg","width":2000,"height":1413,"caption":"heleDU"},"image":{"@id":"https:\/\/heledu.no\/en\/#\/schema\/logo\/image\/"},"sameAs":["https:\/\/www.facebook.com\/Heledu-As-1903147306638206\/?fref=ts"]}]}},"_links":{"self":[{"href":"https:\/\/heledu.no\/en\/wp-json\/wp\/v2\/pages\/1003","targetHints":{"allow":["GET"]}}],"collection":[{"href":"https:\/\/heledu.no\/en\/wp-json\/wp\/v2\/pages"}],"about":[{"href":"https:\/\/heledu.no\/en\/wp-json\/wp\/v2\/types\/page"}],"author":[{"embeddable":true,"href":"https:\/\/heledu.no\/en\/wp-json\/wp\/v2\/users\/1"}],"replies":[{"embeddable":true,"href":"https:\/\/heledu.no\/en\/wp-json\/wp\/v2\/comments?post=1003"}],"version-history":[{"count":0,"href":"https:\/\/heledu.no\/en\/wp-json\/wp\/v2\/pages\/1003\/revisions"}],"up":[{"embeddable":true,"href":"https:\/\/heledu.no\/en\/wp-json\/wp\/v2\/pages\/997"}],"wp:featuredmedia":[{"embeddable":true,"href":"https:\/\/heledu.no\/en\/wp-json\/wp\/v2\/media\/776"}],"wp:attachment":[{"href":"https:\/\/heledu.no\/en\/wp-json\/wp\/v2\/media?parent=1003"}],"curies":[{"name":"wp","href":"https:\/\/api.w.org\/{rel}","templated":true}]}}